{"id":246,"date":"2025-06-18T06:34:32","date_gmt":"2025-06-18T06:34:32","guid":{"rendered":"https:\/\/diazmarintranslations.com\/?page_id=246"},"modified":"2025-10-27T16:10:01","modified_gmt":"2025-10-27T16:10:01","slug":"about","status":"publish","type":"page","link":"https:\/\/diazmarintranslations.com\/es\/about\/","title":{"rendered":"Nosotros"},"content":{"rendered":"<div data-elementor-type=\"wp-page\" data-elementor-id=\"246\" class=\"elementor elementor-246\">\n\t\t\t\t<div class=\"wd-negative-gap elementor-element elementor-element-7b00920 wd-section-stretch entry-sec cover-overlay e-flex e-con-boxed e-con e-parent\" data-id=\"7b00920\" data-element_type=\"container\" data-settings=\"{&quot;background_background&quot;:&quot;classic&quot;}\">\n\t\t\t\t\t<div class=\"e-con-inner\">\n\t\t<div class=\"elementor-element elementor-element-469853f banner-container e-con-full e-flex e-con e-child\" data-id=\"469853f\" data-element_type=\"container\">\n\t\t\t\t<div class=\"elementor-element elementor-element-a23a4d3 vertical-border wd-width-100 elementor-widget elementor-widget-wd_title\" data-id=\"a23a4d3\" data-element_type=\"widget\" data-widget_type=\"wd_title.default\">\n\t\t\t\t<div class=\"elementor-widget-container\">\n\t\t\t\t\t\t\t<div class=\"title-wrapper wd-set-mb reset-last-child wd-title-color-default wd-title-style-simple wd-title-size-default text-center\">\n\n\t\t\t\n\t\t\t<div class=\"liner-continer\">\n\t\t\t\t<h1 class=\"woodmart-title-container title wd-fontsize-l\">Sobre Nosotros<\/h1> \n\t\t\t\t\t\t\t<\/div>\n\n\t\t\t\t\t<\/div>\n\t\t\t\t\t\t<\/div>\n\t\t\t\t<\/div>\n\t\t\t\t<\/div>\n\t\t\t\t\t<\/div>\n\t\t\t\t<\/div>\n\t\t<div class=\"elementor-element elementor-element-12fcff3 e-con-full e-flex e-con e-parent\" data-id=\"12fcff3\" data-element_type=\"container\" data-settings=\"{&quot;background_background&quot;:&quot;classic&quot;}\">\n\t\t<div class=\"elementor-element elementor-element-1834f2a4 e-con-full e-flex e-con e-child\" data-id=\"1834f2a4\" data-element_type=\"container\">\n\t\t\t\t<div class=\"elementor-element elementor-element-9d5f6ec wd-width-100 elementor-widget elementor-widget-wd_title\" data-id=\"9d5f6ec\" data-element_type=\"widget\" data-widget_type=\"wd_title.default\">\n\t\t\t\t<div class=\"elementor-widget-container\">\n\t\t\t\t\t\t\t<div class=\"title-wrapper wd-set-mb reset-last-child wd-title-color-default wd-title-style-simple wd-title-size-default text-left\">\n\n\t\t\t\n\t\t\t<div class=\"liner-continer\">\n\t\t\t\t<h2 class=\"woodmart-title-container title wd-fontsize-l\">Sobre Katerine Diaz Marin<\/h2> \n\t\t\t\t\t\t\t<\/div>\n\n\t\t\t\t\t<\/div>\n\t\t\t\t\t\t<\/div>\n\t\t\t\t<\/div>\n\t\t\t\t<div class=\"elementor-element elementor-element-51d1dda color-scheme-inherit text-left elementor-widget elementor-widget-text-editor\" data-id=\"51d1dda\" data-element_type=\"widget\" data-widget_type=\"text-editor.default\">\n\t\t\t\t<div class=\"elementor-widget-container\">\n\t\t\t\t\t\t\t\t\t<p>Katerine Diaz Marin cuenta con m\u00e1s de 10 a\u00f1os de experiencia en traducci\u00f3n e interpretaci\u00f3n profesional. Con sede en el \u00e1rea de Miami\u2013Fort Lauderdale, ha construido una s\u00f3lida reputaci\u00f3n por su excelencia, precisi\u00f3n y sensibilidad cultural.\nSu labor abarca oficinas de inmigraci\u00f3n en todo el pa\u00eds, donde asiste en casos de asilo, solicitudes de residencia, entrevistas matrimoniales y mucho m\u00e1s.\nKaterine ofrece servicios de interpretaci\u00f3n consecutiva, tanto presenciales como remotos, siempre con un enfoque en la claridad y la empat\u00eda.<\/p>\t\t\t\t\t\t\t\t<\/div>\n\t\t\t\t<\/div>\n\t\t\t\t<div class=\"elementor-element elementor-element-d54f830 color-scheme-inherit text-left elementor-widget elementor-widget-text-editor\" data-id=\"d54f830\" data-element_type=\"widget\" data-widget_type=\"text-editor.default\">\n\t\t\t\t<div class=\"elementor-widget-container\">\n\t\t\t\t\t\t\t\t\tAdem\u00e1s de su experiencia en inmigraci\u00f3n, Katerine es int\u00e9rprete simult\u00e1nea y traductora de documentos de USCIS, incluyendo declaraciones, certificados y correspondencia legal.\nCon dominio del ingl\u00e9s, espa\u00f1ol, portugu\u00e9s y franc\u00e9s, est\u00e1 comprometida en ayudar a que cada cliente sea escuchado y comprendido \u2014 sin importar el idioma.\t\t\t\t\t\t\t\t<\/div>\n\t\t\t\t<\/div>\n\t\t\t\t<\/div>\n\t\t<div class=\"elementor-element elementor-element-2d01409d e-con-full e-flex e-con e-child\" data-id=\"2d01409d\" data-element_type=\"container\">\n\t\t\t\t<div class=\"elementor-element elementor-element-51dc7d1b elementor-widget elementor-widget-image\" data-id=\"51dc7d1b\" data-element_type=\"widget\" data-widget_type=\"image.default\">\n\t\t\t\t<div class=\"elementor-widget-container\">\n\t\t\t\t\t\t\t\t\t\t\t\t\t\t\t<img fetchpriority=\"high\" decoding=\"async\" width=\"640\" height=\"640\" src=\"https:\/\/diazmarintranslations.com\/wp-content\/uploads\/2025\/06\/476585444_531419726635421_2130628660972767472_n.jpg\" class=\"attachment-large size-large wp-image-263\" alt=\"\" srcset=\"https:\/\/diazmarintranslations.com\/wp-content\/uploads\/2025\/06\/476585444_531419726635421_2130628660972767472_n.jpg 640w, https:\/\/diazmarintranslations.com\/wp-content\/uploads\/2025\/06\/476585444_531419726635421_2130628660972767472_n-300x300.jpg 300w, https:\/\/diazmarintranslations.com\/wp-content\/uploads\/2025\/06\/476585444_531419726635421_2130628660972767472_n-150x150.jpg 150w\" sizes=\"(max-width: 640px) 100vw, 640px\" \/>\t\t\t\t\t\t\t\t\t\t\t\t\t\t\t<\/div>\n\t\t\t\t<\/div>\n\t\t\t\t<\/div>\n\t\t\t\t<\/div>\n\t\t<div class=\"elementor-element elementor-element-5003ab33 e-con-full elementor-hidden-desktop elementor-hidden-tablet elementor-hidden-mobile e-flex e-con e-parent\" data-id=\"5003ab33\" data-element_type=\"container\" id=\"next\">\n\t\t\t\t<div class=\"elementor-element elementor-element-37c9d3e0 elementor-widget elementor-widget-heading\" data-id=\"37c9d3e0\" data-element_type=\"widget\" data-widget_type=\"heading.default\">\n\t\t\t\t<div class=\"elementor-widget-container\">\n\t\t\t\t\t<h3 class=\"elementor-heading-title elementor-size-default\">Our Services<\/h3>\t\t\t\t<\/div>\n\t\t\t\t<\/div>\n\t\t\t\t<div class=\"elementor-element elementor-element-49aa4405 elementor-widget elementor-widget-heading\" data-id=\"49aa4405\" data-element_type=\"widget\" data-widget_type=\"heading.default\">\n\t\t\t\t<div class=\"elementor-widget-container\">\n\t\t\t\t\t<p class=\"elementor-heading-title elementor-size-default\">This text briefly introduces visitors to your main services.<\/p>\t\t\t\t<\/div>\n\t\t\t\t<\/div>\n\t\t<div class=\"elementor-element elementor-element-4d4824f e-con-full e-flex e-con e-child\" data-id=\"4d4824f\" data-element_type=\"container\">\n\t\t<div class=\"elementor-element elementor-element-514d1709 e-con-full e-flex e-con e-child\" data-id=\"514d1709\" data-element_type=\"container\">\n\t\t\t\t<div class=\"elementor-element elementor-element-781d1679 elementor-position-top elementor-widget elementor-widget-image-box\" data-id=\"781d1679\" data-element_type=\"widget\" data-widget_type=\"image-box.default\">\n\t\t\t\t<div class=\"elementor-widget-container\">\n\t\t\t\t\t<div class=\"elementor-image-box-wrapper\"><figure class=\"elementor-image-box-img\"><a href=\"#\" tabindex=\"-1\"><img decoding=\"async\" width=\"683\" height=\"600\" src=\"https:\/\/diazmarintranslations.com\/wp-content\/uploads\/2025\/06\/Image_Placeholder-about.jpeg\" class=\"elementor-animation-grow attachment-full size-full wp-image-252\" alt=\"\" srcset=\"https:\/\/diazmarintranslations.com\/wp-content\/uploads\/2025\/06\/Image_Placeholder-about.jpeg 683w, https:\/\/diazmarintranslations.com\/wp-content\/uploads\/2025\/06\/Image_Placeholder-about-300x264.jpeg 300w\" sizes=\"(max-width: 683px) 100vw, 683px\" \/><\/a><\/figure><div class=\"elementor-image-box-content\"><h4 class=\"elementor-image-box-title\"><a href=\"#\">Service 1<\/a><\/h4><p class=\"elementor-image-box-description\">A short description of the service and how the visitor will benefit from it.<\/p><\/div><\/div>\t\t\t\t<\/div>\n\t\t\t\t<\/div>\n\t\t\t\t<\/div>\n\t\t<div class=\"elementor-element elementor-element-1b4c21e3 e-con-full e-flex e-con e-child\" data-id=\"1b4c21e3\" data-element_type=\"container\">\n\t\t\t\t<div class=\"elementor-element elementor-element-3280bee1 elementor-position-top elementor-widget elementor-widget-image-box\" data-id=\"3280bee1\" data-element_type=\"widget\" data-widget_type=\"image-box.default\">\n\t\t\t\t<div class=\"elementor-widget-container\">\n\t\t\t\t\t<div class=\"elementor-image-box-wrapper\"><figure class=\"elementor-image-box-img\"><a href=\"#\" tabindex=\"-1\"><img decoding=\"async\" width=\"683\" height=\"600\" src=\"https:\/\/diazmarintranslations.com\/wp-content\/uploads\/2025\/06\/Image_Placeholder-about.jpeg\" class=\"elementor-animation-grow attachment-full size-full wp-image-252\" alt=\"\" srcset=\"https:\/\/diazmarintranslations.com\/wp-content\/uploads\/2025\/06\/Image_Placeholder-about.jpeg 683w, https:\/\/diazmarintranslations.com\/wp-content\/uploads\/2025\/06\/Image_Placeholder-about-300x264.jpeg 300w\" sizes=\"(max-width: 683px) 100vw, 683px\" \/><\/a><\/figure><div class=\"elementor-image-box-content\"><h4 class=\"elementor-image-box-title\"><a href=\"#\">Service 2<\/a><\/h4><p class=\"elementor-image-box-description\">A short description of the service and how the visitor will benefit from it.<\/p><\/div><\/div>\t\t\t\t<\/div>\n\t\t\t\t<\/div>\n\t\t\t\t<\/div>\n\t\t<div class=\"elementor-element elementor-element-7acb0dcb e-con-full e-flex e-con e-child\" data-id=\"7acb0dcb\" data-element_type=\"container\">\n\t\t\t\t<div class=\"elementor-element elementor-element-5049f07c elementor-position-top elementor-widget elementor-widget-image-box\" data-id=\"5049f07c\" data-element_type=\"widget\" data-widget_type=\"image-box.default\">\n\t\t\t\t<div class=\"elementor-widget-container\">\n\t\t\t\t\t<div class=\"elementor-image-box-wrapper\"><figure class=\"elementor-image-box-img\"><a href=\"#\" tabindex=\"-1\"><img decoding=\"async\" width=\"683\" height=\"600\" src=\"https:\/\/diazmarintranslations.com\/wp-content\/uploads\/2025\/06\/Image_Placeholder-about.jpeg\" class=\"elementor-animation-grow attachment-full size-full wp-image-252\" alt=\"\" srcset=\"https:\/\/diazmarintranslations.com\/wp-content\/uploads\/2025\/06\/Image_Placeholder-about.jpeg 683w, https:\/\/diazmarintranslations.com\/wp-content\/uploads\/2025\/06\/Image_Placeholder-about-300x264.jpeg 300w\" sizes=\"(max-width: 683px) 100vw, 683px\" \/><\/a><\/figure><div class=\"elementor-image-box-content\"><h4 class=\"elementor-image-box-title\"><a href=\"#\">Service 3<\/a><\/h4><p class=\"elementor-image-box-description\">A short description of the service and how the visitor will benefit from it.<\/p><\/div><\/div>\t\t\t\t<\/div>\n\t\t\t\t<\/div>\n\t\t\t\t<\/div>\n\t\t<div class=\"elementor-element elementor-element-982b494 e-con-full e-flex e-con e-child\" data-id=\"982b494\" data-element_type=\"container\">\n\t\t\t\t<div class=\"elementor-element elementor-element-34040085 elementor-position-top elementor-widget elementor-widget-image-box\" data-id=\"34040085\" data-element_type=\"widget\" data-widget_type=\"image-box.default\">\n\t\t\t\t<div class=\"elementor-widget-container\">\n\t\t\t\t\t<div class=\"elementor-image-box-wrapper\"><figure class=\"elementor-image-box-img\"><a href=\"#\" tabindex=\"-1\"><img decoding=\"async\" width=\"683\" height=\"600\" src=\"https:\/\/diazmarintranslations.com\/wp-content\/uploads\/2025\/06\/Image_Placeholder-about.jpeg\" class=\"elementor-animation-grow attachment-full size-full wp-image-252\" alt=\"\" srcset=\"https:\/\/diazmarintranslations.com\/wp-content\/uploads\/2025\/06\/Image_Placeholder-about.jpeg 683w, https:\/\/diazmarintranslations.com\/wp-content\/uploads\/2025\/06\/Image_Placeholder-about-300x264.jpeg 300w\" sizes=\"(max-width: 683px) 100vw, 683px\" \/><\/a><\/figure><div class=\"elementor-image-box-content\"><h4 class=\"elementor-image-box-title\"><a href=\"#\">Service 4<\/a><\/h4><p class=\"elementor-image-box-description\">A short description of the service and how the visitor will benefit from it.<\/p><\/div><\/div>\t\t\t\t<\/div>\n\t\t\t\t<\/div>\n\t\t\t\t<\/div>\n\t\t\t\t<\/div>\n\t\t\t\t<\/div>\n\t\t<div class=\"elementor-element elementor-element-b115acf e-con-full elementor-hidden-desktop elementor-hidden-tablet elementor-hidden-mobile e-flex e-con e-parent\" data-id=\"b115acf\" data-element_type=\"container\" data-settings=\"{&quot;background_background&quot;:&quot;classic&quot;}\">\n\t\t\t\t<div class=\"elementor-element elementor-element-37d41408 elementor-widget elementor-widget-heading\" data-id=\"37d41408\" data-element_type=\"widget\" data-widget_type=\"heading.default\">\n\t\t\t\t<div class=\"elementor-widget-container\">\n\t\t\t\t\t<h3 class=\"elementor-heading-title elementor-size-default\">Why Choose Us<\/h3>\t\t\t\t<\/div>\n\t\t\t\t<\/div>\n\t\t<div class=\"elementor-element elementor-element-2f43669c e-con-full e-flex e-con e-child\" data-id=\"2f43669c\" data-element_type=\"container\">\n\t\t\t\t<div class=\"elementor-element elementor-element-e6b025b elementor-view-stacked elementor-shape-square elementor-widget__width-initial elementor-position-top elementor-mobile-position-top elementor-widget elementor-widget-icon-box\" data-id=\"e6b025b\" data-element_type=\"widget\" data-widget_type=\"icon-box.default\">\n\t\t\t\t<div class=\"elementor-widget-container\">\n\t\t\t\t\t\t\t<div class=\"elementor-icon-box-wrapper\">\n\n\t\t\t\t\t\t<div class=\"elementor-icon-box-icon\">\n\t\t\t\t<span  class=\"elementor-icon elementor-animation-shrink\">\n\t\t\t\t<svg xmlns=\"http:\/\/www.w3.org\/2000\/svg\" id=\"ef401a9b-392f-49b7-a156-a160ba6e5cf7\" data-name=\"Layer 1\" width=\"41.4618\" height=\"39.8666\" viewbox=\"0 0 41.4618 39.8666\"><polygon points=\"29.876 11.139 29.876 0 0 0 0 28.727 11.586 28.727 11.586 11.139 29.876 11.139\"><\/polygon><polygon points=\"29.876 11.139 29.876 28.727 11.586 28.727 11.586 39.867 41.462 39.867 41.462 11.139 29.876 11.139\"><\/polygon><\/svg>\t\t\t\t<\/span>\n\t\t\t<\/div>\n\t\t\t\n\t\t\t\t\t\t<div class=\"elementor-icon-box-content\">\n\n\t\t\t\t\t\t\t\t\t<h4 class=\"elementor-icon-box-title\">\n\t\t\t\t\t\t<span  >\n\t\t\t\t\t\t\tbenefit 1\t\t\t\t\t\t<\/span>\n\t\t\t\t\t<\/h4>\n\t\t\t\t\n\t\t\t\t\t\t\t\t\t<p class=\"elementor-icon-box-description\">\n\t\t\t\t\t\tA short description of the benefit.\t\t\t\t\t<\/p>\n\t\t\t\t\n\t\t\t<\/div>\n\t\t\t\n\t\t<\/div>\n\t\t\t\t\t\t<\/div>\n\t\t\t\t<\/div>\n\t\t\t\t<div class=\"elementor-element elementor-element-5673a523 elementor-view-stacked elementor-shape-square elementor-widget__width-initial elementor-position-top elementor-mobile-position-top elementor-widget elementor-widget-icon-box\" data-id=\"5673a523\" data-element_type=\"widget\" data-widget_type=\"icon-box.default\">\n\t\t\t\t<div class=\"elementor-widget-container\">\n\t\t\t\t\t\t\t<div class=\"elementor-icon-box-wrapper\">\n\n\t\t\t\t\t\t<div class=\"elementor-icon-box-icon\">\n\t\t\t\t<span  class=\"elementor-icon elementor-animation-shrink\">\n\t\t\t\t<svg xmlns=\"http:\/\/www.w3.org\/2000\/svg\" id=\"ef401a9b-392f-49b7-a156-a160ba6e5cf7\" data-name=\"Layer 1\" width=\"41.4618\" height=\"39.8666\" viewbox=\"0 0 41.4618 39.8666\"><polygon points=\"29.876 11.139 29.876 0 0 0 0 28.727 11.586 28.727 11.586 11.139 29.876 11.139\"><\/polygon><polygon points=\"29.876 11.139 29.876 28.727 11.586 28.727 11.586 39.867 41.462 39.867 41.462 11.139 29.876 11.139\"><\/polygon><\/svg>\t\t\t\t<\/span>\n\t\t\t<\/div>\n\t\t\t\n\t\t\t\t\t\t<div class=\"elementor-icon-box-content\">\n\n\t\t\t\t\t\t\t\t\t<h4 class=\"elementor-icon-box-title\">\n\t\t\t\t\t\t<span  >\n\t\t\t\t\t\t\tbenefit 2\t\t\t\t\t\t<\/span>\n\t\t\t\t\t<\/h4>\n\t\t\t\t\n\t\t\t\t\t\t\t\t\t<p class=\"elementor-icon-box-description\">\n\t\t\t\t\t\tA short description of the benefit.\t\t\t\t\t<\/p>\n\t\t\t\t\n\t\t\t<\/div>\n\t\t\t\n\t\t<\/div>\n\t\t\t\t\t\t<\/div>\n\t\t\t\t<\/div>\n\t\t\t\t<div class=\"elementor-element elementor-element-456be696 elementor-view-stacked elementor-shape-square elementor-widget__width-initial elementor-position-top elementor-mobile-position-top elementor-widget elementor-widget-icon-box\" data-id=\"456be696\" data-element_type=\"widget\" data-widget_type=\"icon-box.default\">\n\t\t\t\t<div class=\"elementor-widget-container\">\n\t\t\t\t\t\t\t<div class=\"elementor-icon-box-wrapper\">\n\n\t\t\t\t\t\t<div class=\"elementor-icon-box-icon\">\n\t\t\t\t<span  class=\"elementor-icon elementor-animation-shrink\">\n\t\t\t\t<svg xmlns=\"http:\/\/www.w3.org\/2000\/svg\" id=\"ef401a9b-392f-49b7-a156-a160ba6e5cf7\" data-name=\"Layer 1\" width=\"41.4618\" height=\"39.8666\" viewbox=\"0 0 41.4618 39.8666\"><polygon points=\"29.876 11.139 29.876 0 0 0 0 28.727 11.586 28.727 11.586 11.139 29.876 11.139\"><\/polygon><polygon points=\"29.876 11.139 29.876 28.727 11.586 28.727 11.586 39.867 41.462 39.867 41.462 11.139 29.876 11.139\"><\/polygon><\/svg>\t\t\t\t<\/span>\n\t\t\t<\/div>\n\t\t\t\n\t\t\t\t\t\t<div class=\"elementor-icon-box-content\">\n\n\t\t\t\t\t\t\t\t\t<h4 class=\"elementor-icon-box-title\">\n\t\t\t\t\t\t<span  >\n\t\t\t\t\t\t\tbenefit 3\t\t\t\t\t\t<\/span>\n\t\t\t\t\t<\/h4>\n\t\t\t\t\n\t\t\t\t\t\t\t\t\t<p class=\"elementor-icon-box-description\">\n\t\t\t\t\t\tA short description of the benefit.\t\t\t\t\t<\/p>\n\t\t\t\t\n\t\t\t<\/div>\n\t\t\t\n\t\t<\/div>\n\t\t\t\t\t\t<\/div>\n\t\t\t\t<\/div>\n\t\t\t\t<div class=\"elementor-element elementor-element-6763eedd elementor-view-stacked elementor-shape-square elementor-widget__width-initial elementor-position-top elementor-mobile-position-top elementor-widget elementor-widget-icon-box\" data-id=\"6763eedd\" data-element_type=\"widget\" data-widget_type=\"icon-box.default\">\n\t\t\t\t<div class=\"elementor-widget-container\">\n\t\t\t\t\t\t\t<div class=\"elementor-icon-box-wrapper\">\n\n\t\t\t\t\t\t<div class=\"elementor-icon-box-icon\">\n\t\t\t\t<span  class=\"elementor-icon elementor-animation-shrink\">\n\t\t\t\t<svg xmlns=\"http:\/\/www.w3.org\/2000\/svg\" id=\"ef401a9b-392f-49b7-a156-a160ba6e5cf7\" data-name=\"Layer 1\" width=\"41.4618\" height=\"39.8666\" viewbox=\"0 0 41.4618 39.8666\"><polygon points=\"29.876 11.139 29.876 0 0 0 0 28.727 11.586 28.727 11.586 11.139 29.876 11.139\"><\/polygon><polygon points=\"29.876 11.139 29.876 28.727 11.586 28.727 11.586 39.867 41.462 39.867 41.462 11.139 29.876 11.139\"><\/polygon><\/svg>\t\t\t\t<\/span>\n\t\t\t<\/div>\n\t\t\t\n\t\t\t\t\t\t<div class=\"elementor-icon-box-content\">\n\n\t\t\t\t\t\t\t\t\t<h4 class=\"elementor-icon-box-title\">\n\t\t\t\t\t\t<span  >\n\t\t\t\t\t\t\tbenefit 4\t\t\t\t\t\t<\/span>\n\t\t\t\t\t<\/h4>\n\t\t\t\t\n\t\t\t\t\t\t\t\t\t<p class=\"elementor-icon-box-description\">\n\t\t\t\t\t\tA short description of the benefit.\t\t\t\t\t<\/p>\n\t\t\t\t\n\t\t\t<\/div>\n\t\t\t\n\t\t<\/div>\n\t\t\t\t\t\t<\/div>\n\t\t\t\t<\/div>\n\t\t\t\t<\/div>\n\t\t\t\t<\/div>\n\t\t<div class=\"elementor-element elementor-element-18dc5ade e-con-full elementor-hidden-desktop elementor-hidden-tablet elementor-hidden-mobile e-flex e-con e-parent\" data-id=\"18dc5ade\" data-element_type=\"container\">\n\t\t\t\t<div class=\"elementor-element elementor-element-4d9b3f9a elementor-widget elementor-widget-heading\" data-id=\"4d9b3f9a\" data-element_type=\"widget\" data-widget_type=\"heading.default\">\n\t\t\t\t<div class=\"elementor-widget-container\">\n\t\t\t\t\t<h3 class=\"elementor-heading-title elementor-size-default\">Client Testimonials<\/h3>\t\t\t\t<\/div>\n\t\t\t\t<\/div>\n\t\t<div class=\"elementor-element elementor-element-38234dc7 e-con-full e-flex e-con e-child\" data-id=\"38234dc7\" data-element_type=\"container\">\n\t\t<div class=\"elementor-element elementor-element-7eaf55c5 e-con-full e-flex e-con e-child\" data-id=\"7eaf55c5\" data-element_type=\"container\">\n\t\t\t\t<div class=\"elementor-element elementor-element-3c35284e elementor-widget elementor-widget-testimonial\" data-id=\"3c35284e\" data-element_type=\"widget\" data-widget_type=\"testimonial.default\">\n\t\t\t\t<div class=\"elementor-widget-container\">\n\t\t\t\t\t\t\t<div class=\"elementor-testimonial-wrapper\">\n\t\t\t\t\t\t\t<div class=\"elementor-testimonial-content\">\u201cA testimonial from a client who benefited from your product or service. Testimonials can be a highly effective way of establishing credibility and increasing your company's reputation.\u201d<\/div>\n\t\t\t\n\t\t\t\t\t\t<div class=\"elementor-testimonial-meta elementor-has-image elementor-testimonial-image-position-aside\">\n\t\t\t\t<div class=\"elementor-testimonial-meta-inner\">\n\t\t\t\t\t\t\t\t\t\t\t<div class=\"elementor-testimonial-image\">\n\t\t\t\t\t\t\t<img decoding=\"async\" width=\"63\" height=\"63\" src=\"https:\/\/diazmarintranslations.com\/wp-content\/uploads\/2025\/06\/Image-Testemonials.jpeg\" class=\"attachment-full size-full wp-image-254\" alt=\"\" \/>\t\t\t\t\t\t<\/div>\n\t\t\t\t\t\n\t\t\t\t\t\t\t\t\t\t<div class=\"elementor-testimonial-details\">\n\t\t\t\t\t\t\t\t\t\t\t\t\t\t<div class=\"elementor-testimonial-name\">Client Name<\/div>\n\t\t\t\t\t\t\t\t\t\t\t\t\t\t\t\t\t\t\t<\/div>\n\t\t\t\t\t\t\t\t\t<\/div>\n\t\t\t<\/div>\n\t\t\t\t\t<\/div>\n\t\t\t\t\t\t<\/div>\n\t\t\t\t<\/div>\n\t\t\t\t<\/div>\n\t\t<div class=\"elementor-element elementor-element-452695fd e-con-full e-flex e-con e-child\" data-id=\"452695fd\" data-element_type=\"container\">\n\t\t\t\t<div class=\"elementor-element elementor-element-4e1db872 elementor-widget elementor-widget-testimonial\" data-id=\"4e1db872\" data-element_type=\"widget\" data-widget_type=\"testimonial.default\">\n\t\t\t\t<div class=\"elementor-widget-container\">\n\t\t\t\t\t\t\t<div class=\"elementor-testimonial-wrapper\">\n\t\t\t\t\t\t\t<div class=\"elementor-testimonial-content\">\u201cA testimonial from a client who benefited from your product or service. Testimonials can be a highly effective way of establishing credibility and increasing your company's reputation.\u201d<\/div>\n\t\t\t\n\t\t\t\t\t\t<div class=\"elementor-testimonial-meta elementor-has-image elementor-testimonial-image-position-aside\">\n\t\t\t\t<div class=\"elementor-testimonial-meta-inner\">\n\t\t\t\t\t\t\t\t\t\t\t<div class=\"elementor-testimonial-image\">\n\t\t\t\t\t\t\t<img decoding=\"async\" width=\"63\" height=\"63\" src=\"https:\/\/diazmarintranslations.com\/wp-content\/uploads\/2025\/06\/Image-Testemonials.jpeg\" class=\"attachment-full size-full wp-image-254\" alt=\"\" \/>\t\t\t\t\t\t<\/div>\n\t\t\t\t\t\n\t\t\t\t\t\t\t\t\t\t<div class=\"elementor-testimonial-details\">\n\t\t\t\t\t\t\t\t\t\t\t\t\t\t<div class=\"elementor-testimonial-name\">Client Name<\/div>\n\t\t\t\t\t\t\t\t\t\t\t\t\t\t\t\t\t\t\t<\/div>\n\t\t\t\t\t\t\t\t\t<\/div>\n\t\t\t<\/div>\n\t\t\t\t\t<\/div>\n\t\t\t\t\t\t<\/div>\n\t\t\t\t<\/div>\n\t\t\t\t<\/div>\n\t\t<div class=\"elementor-element elementor-element-6f40dddf e-con-full e-flex e-con e-child\" data-id=\"6f40dddf\" data-element_type=\"container\">\n\t\t\t\t<div class=\"elementor-element elementor-element-4cb0df1b elementor-widget elementor-widget-testimonial\" data-id=\"4cb0df1b\" data-element_type=\"widget\" data-widget_type=\"testimonial.default\">\n\t\t\t\t<div class=\"elementor-widget-container\">\n\t\t\t\t\t\t\t<div class=\"elementor-testimonial-wrapper\">\n\t\t\t\t\t\t\t<div class=\"elementor-testimonial-content\">\u201cA testimonial from a client who benefited from your product or service. Testimonials can be a highly effective way of establishing credibility and increasing your company's reputation.\u201d<\/div>\n\t\t\t\n\t\t\t\t\t\t<div class=\"elementor-testimonial-meta elementor-has-image elementor-testimonial-image-position-aside\">\n\t\t\t\t<div class=\"elementor-testimonial-meta-inner\">\n\t\t\t\t\t\t\t\t\t\t\t<div class=\"elementor-testimonial-image\">\n\t\t\t\t\t\t\t<img decoding=\"async\" width=\"63\" height=\"63\" src=\"https:\/\/diazmarintranslations.com\/wp-content\/uploads\/2025\/06\/Image-Testemonials.jpeg\" class=\"attachment-full size-full wp-image-254\" alt=\"\" \/>\t\t\t\t\t\t<\/div>\n\t\t\t\t\t\n\t\t\t\t\t\t\t\t\t\t<div class=\"elementor-testimonial-details\">\n\t\t\t\t\t\t\t\t\t\t\t\t\t\t<div class=\"elementor-testimonial-name\">Client Name<\/div>\n\t\t\t\t\t\t\t\t\t\t\t\t\t\t\t\t\t\t\t<\/div>\n\t\t\t\t\t\t\t\t\t<\/div>\n\t\t\t<\/div>\n\t\t\t\t\t<\/div>\n\t\t\t\t\t\t<\/div>\n\t\t\t\t<\/div>\n\t\t\t\t<\/div>\n\t\t\t\t<\/div>\n\t\t\t\t<\/div>\n\t\t<div class=\"elementor-element elementor-element-d6df4cc elementor-hidden-desktop elementor-hidden-tablet elementor-hidden-mobile e-flex e-con-boxed e-con e-parent\" data-id=\"d6df4cc\" data-element_type=\"container\">\n\t\t\t\t\t<div class=\"e-con-inner\">\n\t\t\t\t<div class=\"elementor-element elementor-element-6d6479ea elementor-widget elementor-widget-heading\" data-id=\"6d6479ea\" data-element_type=\"widget\" data-widget_type=\"heading.default\">\n\t\t\t\t<div class=\"elementor-widget-container\">\n\t\t\t\t\t<h3 class=\"elementor-heading-title elementor-size-default\">A Title to Turn the Visitor Into a Lead<\/h3>\t\t\t\t<\/div>\n\t\t\t\t<\/div>\n\t\t\t\t<div class=\"elementor-element elementor-element-65bbafdc color-scheme-inherit text-left elementor-widget elementor-widget-text-editor\" data-id=\"65bbafdc\" data-element_type=\"widget\" data-widget_type=\"text-editor.default\">\n\t\t\t\t<div class=\"elementor-widget-container\">\n\t\t\t\t\t\t\t\t\tUse this short paragraph to explain how you will deliver this benefit to the visitor if they decide to work with you.\t\t\t\t\t\t\t\t<\/div>\n\t\t\t\t<\/div>\n\t\t\t\t<div class=\"elementor-element elementor-element-3def4b2c elementor-align-center elementor-mobile-align-center elementor-widget elementor-widget-button\" data-id=\"3def4b2c\" data-element_type=\"widget\" data-widget_type=\"button.default\">\n\t\t\t\t<div class=\"elementor-widget-container\">\n\t\t\t\t\t\t\t\t\t<div class=\"elementor-button-wrapper\">\n\t\t\t\t\t<a class=\"elementor-button elementor-button-link elementor-size-sm\" href=\"#\">\n\t\t\t\t\t\t<span class=\"elementor-button-content-wrapper\">\n\t\t\t\t\t\t\t\t\t<span class=\"elementor-button-text\">Learn more<\/span>\n\t\t\t\t\t<\/span>\n\t\t\t\t\t<\/a>\n\t\t\t\t<\/div>\n\t\t\t\t\t\t\t\t<\/div>\n\t\t\t\t<\/div>\n\t\t\t\t\t<\/div>\n\t\t\t\t<\/div>\n\t\t\t\t<\/div>","protected":false},"excerpt":{"rendered":"<p>About Us About Katerine Diaz Marin Katerine Diaz Marin brings over 10 years of experience in professional translation and interpretation.<\/p>","protected":false},"author":1,"featured_media":0,"parent":0,"menu_order":0,"comment_status":"closed","ping_status":"closed","template":"","meta":{"footnotes":""},"class_list":["post-246","page","type-page","status-publish","hentry"],"_links":{"self":[{"href":"https:\/\/diazmarintranslations.com\/es\/wp-json\/wp\/v2\/pages\/246","targetHints":{"allow":["GET"]}}],"collection":[{"href":"https:\/\/diazmarintranslations.com\/es\/wp-json\/wp\/v2\/pages"}],"about":[{"href":"https:\/\/diazmarintranslations.com\/es\/wp-json\/wp\/v2\/types\/page"}],"author":[{"embeddable":true,"href":"https:\/\/diazmarintranslations.com\/es\/wp-json\/wp\/v2\/users\/1"}],"replies":[{"embeddable":true,"href":"https:\/\/diazmarintranslations.com\/es\/wp-json\/wp\/v2\/comments?post=246"}],"version-history":[{"count":49,"href":"https:\/\/diazmarintranslations.com\/es\/wp-json\/wp\/v2\/pages\/246\/revisions"}],"predecessor-version":[{"id":616,"href":"https:\/\/diazmarintranslations.com\/es\/wp-json\/wp\/v2\/pages\/246\/revisions\/616"}],"wp:attachment":[{"href":"https:\/\/diazmarintranslations.com\/es\/wp-json\/wp\/v2\/media?parent=246"}],"curies":[{"name":"wp","href":"https:\/\/api.w.org\/{rel}","templated":true}]}}