{"id":303,"date":"2025-06-18T07:21:03","date_gmt":"2025-06-18T07:21:03","guid":{"rendered":"https:\/\/diazmarintranslations.com\/?page_id=303"},"modified":"2025-10-27T17:23:15","modified_gmt":"2025-10-27T17:23:15","slug":"faqs","status":"publish","type":"page","link":"https:\/\/diazmarintranslations.com\/es\/faqs\/","title":{"rendered":"Preguntas Frecuentes"},"content":{"rendered":"<div data-elementor-type=\"wp-page\" data-elementor-id=\"303\" class=\"elementor elementor-303\">\n\t\t\t\t<div class=\"wd-negative-gap elementor-element elementor-element-11221d0 wd-section-stretch entry-sec cover-overlay e-flex e-con-boxed e-con e-parent\" data-id=\"11221d0\" data-element_type=\"container\" data-settings=\"{&quot;background_background&quot;:&quot;classic&quot;}\">\n\t\t\t\t\t<div class=\"e-con-inner\">\n\t\t<div class=\"elementor-element elementor-element-89f858e banner-container e-con-full e-flex e-con e-child\" data-id=\"89f858e\" data-element_type=\"container\">\n\t\t\t\t<div class=\"elementor-element elementor-element-0c30532 vertical-border wd-width-100 elementor-widget elementor-widget-wd_title\" data-id=\"0c30532\" data-element_type=\"widget\" data-widget_type=\"wd_title.default\">\n\t\t\t\t<div class=\"elementor-widget-container\">\n\t\t\t\t\t\t\t<div class=\"title-wrapper wd-set-mb reset-last-child wd-title-color-default wd-title-style-simple wd-title-size-default text-center\">\n\n\t\t\t\n\t\t\t<div class=\"liner-continer\">\n\t\t\t\t<h1 class=\"woodmart-title-container title wd-fontsize-l\">Preguntas Frecuentes<\/h1> \n\t\t\t\t\t\t\t<\/div>\n\n\t\t\t\t\t<\/div>\n\t\t\t\t\t\t<\/div>\n\t\t\t\t<\/div>\n\t\t\t\t<\/div>\n\t\t\t\t\t<\/div>\n\t\t\t\t<\/div>\n\t\t<div class=\"wd-negative-gap elementor-element elementor-element-df56e63 e-flex e-con-boxed e-con e-parent\" data-id=\"df56e63\" data-element_type=\"container\">\n\t\t\t\t\t<div class=\"e-con-inner\">\n\t\t\t\t<div class=\"elementor-element elementor-element-3569d94 elementor-widget elementor-widget-wd_accordion\" data-id=\"3569d94\" data-element_type=\"widget\" data-widget_type=\"wd_accordion.default\">\n\t\t\t\t<div class=\"elementor-widget-container\">\n\t\t\t\t\t\n\t\t<div class=\"wd-accordion wd-style-default wd-border-off wd-titles-left wd-opener-pos-right wd-opener-style-arrow\" data-state=\"all_closed\">\n\t\t\t\t\t\t\t\n\t\t\t\t<div class=\"wd-accordion-item\">\n\t\t\t\t\t<div class=\"wd-accordion-title\" data-accordion-index=\"0\">\n\t\t\t\t\t\t<div class=\"wd-accordion-title-text\">\n\t\t\t\t\t\t\t\t\t\t\t\t\t\t<span>\n\t\t\t\t\t\t\t\t\u00bfD\u00f3nde estamos ubicados?\t\t\t\t\t\t\t<\/span>\n\t\t\t\t\t\t<\/div>\n\t\t\t\t\t\t<span class=\"wd-accordion-opener\"><\/span>\n\t\t\t\t\t<\/div>\n\n\t\t\t\t\t<div class=\"wd-accordion-content wd-entry-content\" data-accordion-index=\"0\">\n\t\t\t\t\t\t\t\t\t\t\t\t\t\n\t\t\t\t\t\t\t<p>Diaz Marin Translation Services tiene su sede en Miami, Florida, y ofrece servicios a clientes en todo Estados Unidos e internacionalmente.\nBrindamos servicios presenciales y remotos, seg\u00fan sus necesidades.<\/p>\n\t\t\t\t\t\t\t\t\t\t\t\t\t\t\t\t\t\t<\/div>\n\t\t\t\t<\/div>\n\t\t\t\t\t\t\t\n\t\t\t\t<div class=\"wd-accordion-item\">\n\t\t\t\t\t<div class=\"wd-accordion-title\" data-accordion-index=\"1\">\n\t\t\t\t\t\t<div class=\"wd-accordion-title-text\">\n\t\t\t\t\t\t\t\t\t\t\t\t\t\t<span>\n\t\t\t\t\t\t\t\t\u00bfEnv\u00edan los documentos en formato f\u00edsico?\t\t\t\t\t\t\t<\/span>\n\t\t\t\t\t\t<\/div>\n\t\t\t\t\t\t<span class=\"wd-accordion-opener\"><\/span>\n\t\t\t\t\t<\/div>\n\n\t\t\t\t\t<div class=\"wd-accordion-content wd-entry-content\" data-accordion-index=\"1\">\n\t\t\t\t\t\t\t\t\t\t\t\t\t\n\t\t\t\t\t\t\t<p>Normalmente entregamos las traducciones en formato digital (PDF o Word) por correo electr\u00f3nico, para ofrecer un servicio m\u00e1s r\u00e1pido y seguro.\nSin embargo, por un costo adicional, podemos enviar copias f\u00edsicas por correo postal si lo solicita, especialmente para traducciones certificadas que requieran copias impresas para fines oficiales.<\/p>\n\t\t\t\t\t\t\t\t\t\t\t\t\t\t\t\t\t\t<\/div>\n\t\t\t\t<\/div>\n\t\t\t\t\t\t\t\n\t\t\t\t<div class=\"wd-accordion-item\">\n\t\t\t\t\t<div class=\"wd-accordion-title\" data-accordion-index=\"2\">\n\t\t\t\t\t\t<div class=\"wd-accordion-title-text\">\n\t\t\t\t\t\t\t\t\t\t\t\t\t\t<span>\n\t\t\t\t\t\t\t\t\u00bfSon confiables?\t\t\t\t\t\t\t<\/span>\n\t\t\t\t\t\t<\/div>\n\t\t\t\t\t\t<span class=\"wd-accordion-opener\"><\/span>\n\t\t\t\t\t<\/div>\n\n\t\t\t\t\t<div class=\"wd-accordion-content wd-entry-content\" data-accordion-index=\"2\">\n\t\t\t\t\t\t\t\t\t\t\t\t\t\n\t\t\t\t\t\t\t<p>S\u00ed. Diaz Marin Translation Services cuenta con m\u00e1s de 10 a\u00f1os de experiencia en la industria y una s\u00f3lida reputaci\u00f3n por su precisi\u00f3n, profesionalismo y confidencialidad.\nHemos trabajado exitosamente con particulares, abogados y profesionales de inmigraci\u00f3n en todo el pa\u00eds.<\/p>\n\t\t\t\t\t\t\t\t\t\t\t\t\t\t\t\t\t\t<\/div>\n\t\t\t\t<\/div>\n\t\t\t\t\t\t\t\n\t\t\t\t<div class=\"wd-accordion-item\">\n\t\t\t\t\t<div class=\"wd-accordion-title\" data-accordion-index=\"3\">\n\t\t\t\t\t\t<div class=\"wd-accordion-title-text\">\n\t\t\t\t\t\t\t\t\t\t\t\t\t\t<span>\n\t\t\t\t\t\t\t\t\u00bfEst\u00e1n legalmente constituidos?\t\t\t\t\t\t\t<\/span>\n\t\t\t\t\t\t<\/div>\n\t\t\t\t\t\t<span class=\"wd-accordion-opener\"><\/span>\n\t\t\t\t\t<\/div>\n\n\t\t\t\t\t<div class=\"wd-accordion-content wd-entry-content\" data-accordion-index=\"3\">\n\t\t\t\t\t\t\t\t\t\t\t\t\t\n\t\t\t\t\t\t\t<p>S\u00ed. Diaz Marin Translation Services LLC es una empresa legalmente establecida e independiente, dedicada a ofrecer servicios profesionales de traducci\u00f3n e interpretaci\u00f3n.\nOperamos con total respeto a las normas legales y a los est\u00e1ndares de la industria.<\/p>\n\t\t\t\t\t\t\t\t\t\t\t\t\t\t\t\t\t\t<\/div>\n\t\t\t\t<\/div>\n\t\t\t\t\t\t\t\n\t\t\t\t<div class=\"wd-accordion-item\">\n\t\t\t\t\t<div class=\"wd-accordion-title\" data-accordion-index=\"4\">\n\t\t\t\t\t\t<div class=\"wd-accordion-title-text\">\n\t\t\t\t\t\t\t\t\t\t\t\t\t\t<span>\n\t\t\t\t\t\t\t\t\u00bfC\u00f3mo puedo solicitar una cotizaci\u00f3n para un proyecto de traducci\u00f3n?\t\t\t\t\t\t\t<\/span>\n\t\t\t\t\t\t<\/div>\n\t\t\t\t\t\t<span class=\"wd-accordion-opener\"><\/span>\n\t\t\t\t\t<\/div>\n\n\t\t\t\t\t<div class=\"wd-accordion-content wd-entry-content\" data-accordion-index=\"4\">\n\t\t\t\t\t\t\t\t\t\t\t\t\t\n\t\t\t\t\t\t\t<p data-start=\"1959\" data-end=\"2086\" class=\"translation-block\">\u00a1Solicitar una cotizaci\u00f3n es muy f\u00e1cil! Puede usar nuestro formulario de contacto o enviarnos un correo electr\u00f3nico directamente con los detalles de su documento, incluyendo:<\/p><ul data-start=\"2087\" data-end=\"2222\"><li data-start=\"2087\" data-end=\"2131\"><p data-start=\"2089\" data-end=\"2131\">Par de idiomas (por ejemplo, de espa\u00f1ol a ingl\u00e9s)<\/p><\/li><li data-start=\"2132\" data-end=\"2188\"><p data-start=\"2134\" data-end=\"2188\">Tipo de documento (por ejemplo, acta de nacimiento, orden judicial)<\/p><\/li><li data-start=\"2189\" data-end=\"2222\"><p data-start=\"2191\" data-end=\"2222\">N\u00famero de p\u00e1ginas o cantidad de palabras<\/p><\/li><\/ul><p data-start=\"2224\" data-end=\"2284\" class=\"translation-block\">Le responderemos r\u00e1pidamente con una cotizaci\u00f3n gratuita y sin compromiso.<\/p>\n\t\t\t\t\t\t\t\t\t\t\t\t\t\t\t\t\t\t<\/div>\n\t\t\t\t<\/div>\n\t\t\t\t\t\t\t\n\t\t\t\t<div class=\"wd-accordion-item\">\n\t\t\t\t\t<div class=\"wd-accordion-title\" data-accordion-index=\"5\">\n\t\t\t\t\t\t<div class=\"wd-accordion-title-text\">\n\t\t\t\t\t\t\t\t\t\t\t\t\t\t<span>\n\t\t\t\t\t\t\t\t\u00bfCu\u00e1l es el proceso de traducci\u00f3n que sigue Diaz Marin Translation Services?\t\t\t\t\t\t\t<\/span>\n\t\t\t\t\t\t<\/div>\n\t\t\t\t\t\t<span class=\"wd-accordion-opener\"><\/span>\n\t\t\t\t\t<\/div>\n\n\t\t\t\t\t<div class=\"wd-accordion-content wd-entry-content\" data-accordion-index=\"5\">\n\t\t\t\t\t\t\t\t\t\t\t\t\t\n\t\t\t\t\t\t\t<ul><li data-start=\"2377\" data-end=\"2450\"><p data-start=\"2380\" data-end=\"2450\" class=\"translation-block\">1. Revisi\u00f3n del Documento \u2013 Evaluamos su documento y confirmamos el alcance del trabajo.<\/p><\/li><li data-start=\"2451\" data-end=\"2516\"><p data-start=\"2454\" data-end=\"2516\" class=\"translation-block\">2. Cotizaci\u00f3n y Confirmaci\u00f3n \u2013 Recibir\u00e1 una cotizaci\u00f3n y un tiempo estimado de entrega.<\/p><\/li><li data-start=\"2517\" data-end=\"2593\"><p data-start=\"2520\" data-end=\"2593\" class=\"translation-block\">3. Traducci\u00f3n \u2013 El documento es traducido por un traductor calificado.<\/p><\/li><li data-start=\"2594\" data-end=\"2686\"><p data-start=\"2597\" data-end=\"2686\" class=\"translation-block\">4. Revisi\u00f3n y Control de Calidad \u2013 La traducci\u00f3n se revisa cuidadosamente para garantizar precisi\u00f3n y coherencia.<\/p><\/li><li data-start=\"2687\" data-end=\"2767\"><p data-start=\"2690\" data-end=\"2767\" class=\"translation-block\">5. Entrega \u2013 Los archivos finales se entregan en formato digital o por correo postal (si se solicita).<\/p><\/li><\/ul>\n\t\t\t\t\t\t\t\t\t\t\t\t\t\t\t\t\t\t<\/div>\n\t\t\t\t<\/div>\n\t\t\t\t\t\t\t\n\t\t\t\t<div class=\"wd-accordion-item\">\n\t\t\t\t\t<div class=\"wd-accordion-title\" data-accordion-index=\"6\">\n\t\t\t\t\t\t<div class=\"wd-accordion-title-text\">\n\t\t\t\t\t\t\t\t\t\t\t\t\t\t<span>\n\t\t\t\t\t\t\t\t\u00bfQu\u00e9 idiomas ofrece Diaz Marin Translation Services?\t\t\t\t\t\t\t<\/span>\n\t\t\t\t\t\t<\/div>\n\t\t\t\t\t\t<span class=\"wd-accordion-opener\"><\/span>\n\t\t\t\t\t<\/div>\n\n\t\t\t\t\t<div class=\"wd-accordion-content wd-entry-content\" data-accordion-index=\"6\">\n\t\t\t\t\t\t\t\t\t\t\t\t\t\n\t\t\t\t\t\t\t<p data-start=\"2849\" data-end=\"2940\">Ofrecemos servicios profesionales de traducci\u00f3n e interpretaci\u00f3n en los siguientes idiomas:<\/p><ul data-start=\"2941\" data-end=\"3006\"><li data-start=\"2941\" data-end=\"2956\"><p data-start=\"2943\" data-end=\"2956\"><strong data-start=\"2943\" data-end=\"2954\">Ingl\u00e9s<\/strong><\/p><\/li><li data-start=\"2957\" data-end=\"2972\"><p data-start=\"2959\" data-end=\"2972\"><strong data-start=\"2959\" data-end=\"2970\">Espa\u00f1ol<\/strong><\/p><\/li><li data-start=\"2973\" data-end=\"2991\"><p data-start=\"2975\" data-end=\"2991\"><strong data-start=\"2975\" data-end=\"2989\">Portugu\u00e9s<\/strong><\/p><\/li><li data-start=\"2992\" data-end=\"3006\"><p data-start=\"2994\" data-end=\"3006\"><strong data-start=\"2994\" data-end=\"3004\">Franc\u00e9s<\/strong><\/p><\/li><\/ul><p data-start=\"3008\" data-end=\"3105\" class=\"translation-block\">Nos especializamos en documentos para USCIS, traducciones legales y servicios de interpretaci\u00f3n relacionados con inmigraci\u00f3n.<\/p>\n\t\t\t\t\t\t\t\t\t\t\t\t\t\t\t\t\t\t<\/div>\n\t\t\t\t<\/div>\n\t\t\t\t\t\t\t\n\t\t\t\t<div class=\"wd-accordion-item\">\n\t\t\t\t\t<div class=\"wd-accordion-title\" data-accordion-index=\"7\">\n\t\t\t\t\t\t<div class=\"wd-accordion-title-text\">\n\t\t\t\t\t\t\t\t\t\t\t\t\t\t<span>\n\t\t\t\t\t\t\t\t\u00bfQu\u00e9 servicios de traducci\u00f3n ofrece Diaz Marin Translation Services?\t\t\t\t\t\t\t<\/span>\n\t\t\t\t\t\t<\/div>\n\t\t\t\t\t\t<span class=\"wd-accordion-opener\"><\/span>\n\t\t\t\t\t<\/div>\n\n\t\t\t\t\t<div class=\"wd-accordion-content wd-entry-content\" data-accordion-index=\"7\">\n\t\t\t\t\t\t\t\t\t\t\t\t\t\n\t\t\t\t\t\t\t<p data-start=\"3550\" data-end=\"3573\">Nuestros servicios incluyen:<\/p><ul data-start=\"3574\" data-end=\"3971\"><li data-start=\"3574\" data-end=\"3643\"><p data-start=\"3576\" data-end=\"3643\" class=\"translation-block\">Traducci\u00f3n de Documentos Certificada (USCIS, legal, acad\u00e9mica, etc.)<\/p><\/li><li data-start=\"3644\" data-end=\"3745\"><p data-start=\"3646\" data-end=\"3745\" class=\"translation-block\">Interpretaci\u00f3n Consecutiva (remota y presencial para entrevistas migratorias y reuniones legales)<\/p><\/li><li data-start=\"3746\" data-end=\"3820\"><p data-start=\"3748\" data-end=\"3820\" class=\"translation-block\">Interpretaci\u00f3n Simult\u00e1nea (para audiencias judiciales, derecho de familia, etc.)<\/p><\/li><li data-start=\"3821\" data-end=\"3893\"><p data-start=\"3823\" data-end=\"3893\" class=\"translation-block\">Soporte Multiling\u00fce en ingl\u00e9s, espa\u00f1ol, portugu\u00e9s y franc\u00e9s<\/p><\/li><li data-start=\"3894\" data-end=\"3971\"><p data-start=\"3896\" data-end=\"3971\" class=\"translation-block\">Servicios enfocados en inmigraci\u00f3n para personas, familias y abogados<\/p><\/li><\/ul>\n\t\t\t\t\t\t\t\t\t\t\t\t\t\t\t\t\t\t<\/div>\n\t\t\t\t<\/div>\n\t\t\t\t\t<\/div>\n\t\t\t\t\t\t<\/div>\n\t\t\t\t<\/div>\n\t\t\t\t\t<\/div>\n\t\t\t\t<\/div>\n\t\t\t\t<\/div>","protected":false},"excerpt":{"rendered":"<p>FAQs Where are they located? Diaz Marin Translation Services is based in Miami, Florida, serving clients across the U.S. and<\/p>","protected":false},"author":1,"featured_media":0,"parent":0,"menu_order":0,"comment_status":"closed","ping_status":"closed","template":"","meta":{"footnotes":""},"class_list":["post-303","page","type-page","status-publish","hentry"],"_links":{"self":[{"href":"https:\/\/diazmarintranslations.com\/es\/wp-json\/wp\/v2\/pages\/303","targetHints":{"allow":["GET"]}}],"collection":[{"href":"https:\/\/diazmarintranslations.com\/es\/wp-json\/wp\/v2\/pages"}],"about":[{"href":"https:\/\/diazmarintranslations.com\/es\/wp-json\/wp\/v2\/types\/page"}],"author":[{"embeddable":true,"href":"https:\/\/diazmarintranslations.com\/es\/wp-json\/wp\/v2\/users\/1"}],"replies":[{"embeddable":true,"href":"https:\/\/diazmarintranslations.com\/es\/wp-json\/wp\/v2\/comments?post=303"}],"version-history":[{"count":31,"href":"https:\/\/diazmarintranslations.com\/es\/wp-json\/wp\/v2\/pages\/303\/revisions"}],"predecessor-version":[{"id":649,"href":"https:\/\/diazmarintranslations.com\/es\/wp-json\/wp\/v2\/pages\/303\/revisions\/649"}],"wp:attachment":[{"href":"https:\/\/diazmarintranslations.com\/es\/wp-json\/wp\/v2\/media?parent=303"}],"curies":[{"name":"wp","href":"https:\/\/api.w.org\/{rel}","templated":true}]}}