{"id":403,"date":"2025-06-18T10:34:25","date_gmt":"2025-06-18T10:34:25","guid":{"rendered":"https:\/\/diazmarintranslations.com\/?page_id=403"},"modified":"2025-10-27T16:14:03","modified_gmt":"2025-10-27T16:14:03","slug":"document-translation","status":"publish","type":"page","link":"https:\/\/diazmarintranslations.com\/es\/document-translation\/","title":{"rendered":"Traducci\u00f3n de documentos"},"content":{"rendered":"<div data-elementor-type=\"wp-page\" data-elementor-id=\"403\" class=\"elementor elementor-403\">\n\t\t\t\t<div class=\"wd-negative-gap elementor-element elementor-element-f2a7fd9 wd-section-stretch entry-sec cover-overlay e-flex e-con-boxed e-con e-parent\" data-id=\"f2a7fd9\" data-element_type=\"container\" data-settings=\"{&quot;background_background&quot;:&quot;classic&quot;}\">\n\t\t\t\t\t<div class=\"e-con-inner\">\n\t\t<div class=\"elementor-element elementor-element-27dcf1d banner-container e-con-full e-flex e-con e-child\" data-id=\"27dcf1d\" data-element_type=\"container\">\n\t\t\t\t<div class=\"elementor-element elementor-element-08d4d9b vertical-border wd-width-100 elementor-widget elementor-widget-wd_title\" data-id=\"08d4d9b\" data-element_type=\"widget\" data-widget_type=\"wd_title.default\">\n\t\t\t\t<div class=\"elementor-widget-container\">\n\t\t\t\t\t\t\t<div class=\"title-wrapper wd-set-mb reset-last-child wd-title-color-default wd-title-style-simple wd-title-size-default text-center\">\n\n\t\t\t\n\t\t\t<div class=\"liner-continer\">\n\t\t\t\t<h2 class=\"woodmart-title-container title wd-fontsize-l\">Servicios de Interpretaci\u00f3n para Casos de USCIS<\/h2> \n\t\t\t\t\t\t\t<\/div>\n\n\t\t\t\t\t<\/div>\n\t\t\t\t\t\t<\/div>\n\t\t\t\t<\/div>\n\t\t\t\t<\/div>\n\t\t\t\t\t<\/div>\n\t\t\t\t<\/div>\n\t\t<div class=\"wd-negative-gap elementor-element elementor-element-17638ef service-tp-heading e-flex e-con-boxed e-con e-parent\" data-id=\"17638ef\" data-element_type=\"container\">\n\t\t\t\t\t<div class=\"e-con-inner\">\n\t\t\t\t<div class=\"elementor-element elementor-element-09cef54 wd-width-100 elementor-widget elementor-widget-wd_title\" data-id=\"09cef54\" data-element_type=\"widget\" data-widget_type=\"wd_title.default\">\n\t\t\t\t<div class=\"elementor-widget-container\">\n\t\t\t\t\t\t\t<div class=\"title-wrapper wd-set-mb reset-last-child wd-title-color-default wd-title-style-default wd-title-size-default text-center\">\n\n\t\t\t\t\t\t\t\t\t\t\t<div class=\"title-subtitle subtitle-color-default subtitle-style-default wd-fontsize-xs\">\n\t\t\t\t\tServicios R\u00e1pidos de Traducci\u00f3n de Documentos\t\t\t\t<\/div>\n\t\t\t\n\t\t\t<div class=\"liner-continer\">\n\t\t\t\t<h2 class=\"woodmart-title-container title wd-fontsize-l\">Diaz Marin Translation Services le ofrece traducciones precisas, certificadas y notarizadas de cualquier documento de respaldo requerido para tr\u00e1mites de inmigraci\u00f3n.<\/h2> \n\t\t\t\t\t\t\t<\/div>\n\n\t\t\t\t\t<\/div>\n\t\t\t\t\t\t<\/div>\n\t\t\t\t<\/div>\n\t\t\t\t\t<\/div>\n\t\t\t\t<\/div>\n\t\t<div class=\"wd-negative-gap elementor-element elementor-element-8ad7d35 results e-flex e-con-boxed e-con e-parent\" data-id=\"8ad7d35\" data-element_type=\"container\" data-settings=\"{&quot;background_background&quot;:&quot;classic&quot;}\">\n\t\t\t\t\t<div class=\"e-con-inner\">\n\t\t<div class=\"elementor-element elementor-element-8683bd6 e-con-full e-flex e-con e-child\" data-id=\"8683bd6\" data-element_type=\"container\">\n\t\t\t\t<div class=\"elementor-element elementor-element-ff85d7e wd-width-100 elementor-widget elementor-widget-wd_title\" data-id=\"ff85d7e\" data-element_type=\"widget\" data-widget_type=\"wd_title.default\">\n\t\t\t\t<div class=\"elementor-widget-container\">\n\t\t\t\t\t\t\t<div class=\"title-wrapper wd-set-mb reset-last-child wd-title-color-default wd-title-style-simple wd-title-size-default text-left\">\n\n\t\t\t\n\t\t\t<div class=\"liner-continer\">\n\t\t\t\t<h1 class=\"woodmart-title-container title wd-fontsize-l\">Traducci\u00f3n Profesional de Documentos \u2013 Precisa. Certificada. Confiable.<\/h1> \n\t\t\t\t\t\t\t<\/div>\n\n\t\t\t\t\t<\/div>\n\t\t\t\t\t\t<\/div>\n\t\t\t\t<\/div>\n\t\t\t\t<div class=\"elementor-element elementor-element-6b0d682 color-scheme-inherit text-left elementor-widget elementor-widget-text-editor\" data-id=\"6b0d682\" data-element_type=\"widget\" data-widget_type=\"text-editor.default\">\n\t\t\t\t<div class=\"elementor-widget-container\">\n\t\t\t\t\t\t\t\t\t<p class=\"translation-block\">En Diaz Marin Translation Services, ofrecemos servicios de traducci\u00f3n certificada en ingl\u00e9s, espa\u00f1ol, portugu\u00e9s y franc\u00e9s.\nYa sea que necesite traducir documentos personales, legales o empresariales, garantizamos traducciones precisas, r\u00e1pidas y culturalmente adecuadas, aceptadas por USCIS, tribunales e instituciones internacionales.<\/p>\t\t\t\t\t\t\t\t<\/div>\n\t\t\t\t<\/div>\n\t\t\t\t<div class=\"elementor-element elementor-element-34ddadd wd-width-100 elementor-widget elementor-widget-wd_title\" data-id=\"34ddadd\" data-element_type=\"widget\" data-widget_type=\"wd_title.default\">\n\t\t\t\t<div class=\"elementor-widget-container\">\n\t\t\t\t\t\t\t<div class=\"title-wrapper wd-set-mb reset-last-child wd-title-color-default wd-title-style-default wd-title-size-default text-left\">\n\n\t\t\t\n\t\t\t<div class=\"liner-continer\">\n\t\t\t\t<h4 class=\"woodmart-title-container title wd-fontsize-l\">Traducimos:<\/h4> \n\t\t\t\t\t\t\t<\/div>\n\n\t\t\t\t\t<\/div>\n\t\t\t\t\t\t<\/div>\n\t\t\t\t<\/div>\n\t\t\t\t<div class=\"elementor-element elementor-element-4e06bce cs-list color-scheme-inherit text-left elementor-widget elementor-widget-text-editor\" data-id=\"4e06bce\" data-element_type=\"widget\" data-widget_type=\"text-editor.default\">\n\t\t\t\t<div class=\"elementor-widget-container\">\n\t\t\t\t\t\t\t\t\t<ul><li>Actas de nacimiento<\/li><li>Certificados de matrimonio y divorcio<\/li><li>Certificaciones acad\u00e9micas<\/li><li>Informes m\u00e9dicos<\/li><li>Contratos legales<\/li><li>Documentos empresariales<\/li><li>Declaraciones juradas y cartas de apoyo<\/li><\/ul>\t\t\t\t\t\t\t\t<\/div>\n\t\t\t\t<\/div>\n\t\t\t\t<div class=\"elementor-element elementor-element-160e3a4 color-scheme-inherit text-left elementor-widget elementor-widget-text-editor\" data-id=\"160e3a4\" data-element_type=\"widget\" data-widget_type=\"text-editor.default\">\n\t\t\t\t<div class=\"elementor-widget-container\">\n\t\t\t\t\t\t\t\t\tTambi\u00e9n traducimos otros tipos de documentos. Si tiene alguna pregunta, cont\u00e1ctenos y con gusto le ayudaremos.\t\t\t\t\t\t\t\t<\/div>\n\t\t\t\t<\/div>\n\t\t\t\t<div class=\"elementor-element elementor-element-c8ecf78 color-scheme-inherit text-left elementor-widget elementor-widget-text-editor\" data-id=\"c8ecf78\" data-element_type=\"widget\" data-widget_type=\"text-editor.default\">\n\t\t\t\t<div class=\"elementor-widget-container\">\n\t\t\t\t\t\t\t\t\t<p>Todas nuestras traducciones incluyen un Certificado de Precisi\u00f3n cuando se requiere.<\/p>\t\t\t\t\t\t\t\t<\/div>\n\t\t\t\t<\/div>\n\t\t\t\t<div class=\"elementor-element elementor-element-563e051 color-scheme-inherit text-left elementor-widget elementor-widget-text-editor\" data-id=\"563e051\" data-element_type=\"widget\" data-widget_type=\"text-editor.default\">\n\t\t\t\t<div class=\"elementor-widget-container\">\n\t\t\t\t\t\t\t\t\t<p class=\"translation-block\">Solicite una cotizaci\u00f3n gratuita hoy mismo y reciba su documento traducido con precisi\u00f3n y cumplimiento garantizados.<\/p>\t\t\t\t\t\t\t\t<\/div>\n\t\t\t\t<\/div>\n\t\t\t\t<div class=\"elementor-element elementor-element-8e4d971 color-scheme-inherit text-left elementor-widget elementor-widget-text-editor\" data-id=\"8e4d971\" data-element_type=\"widget\" data-widget_type=\"text-editor.default\">\n\t\t\t\t<div class=\"elementor-widget-container\">\n\t\t\t\t\t\t\t\t\t<p class=\"translation-block\">\u00bfNecesita traducir otro tipo de documento?\nCont\u00e1ctenos \u2014 estaremos encantados de asistirle.<\/p>\t\t\t\t\t\t\t\t<\/div>\n\t\t\t\t<\/div>\n\t\t\t\t<\/div>\n\t\t<div class=\"elementor-element elementor-element-9997d7c e-con-full e-flex e-con e-child\" data-id=\"9997d7c\" data-element_type=\"container\">\n\t\t\t\t<div class=\"elementor-element elementor-element-f39894a elementor-widget elementor-widget-image\" data-id=\"f39894a\" data-element_type=\"widget\" data-widget_type=\"image.default\">\n\t\t\t\t<div class=\"elementor-widget-container\">\n\t\t\t\t\t\t\t\t\t\t\t\t\t\t\t<img fetchpriority=\"high\" decoding=\"async\" width=\"650\" height=\"614\" src=\"https:\/\/diazmarintranslations.com\/wp-content\/uploads\/2025\/06\/document-translation-services-florida.jpg\" class=\"attachment-large size-large wp-image-490\" alt=\"\" srcset=\"https:\/\/diazmarintranslations.com\/wp-content\/uploads\/2025\/06\/document-translation-services-florida.jpg 650w, https:\/\/diazmarintranslations.com\/wp-content\/uploads\/2025\/06\/document-translation-services-florida-300x283.jpg 300w\" sizes=\"(max-width: 650px) 100vw, 650px\" \/>\t\t\t\t\t\t\t\t\t\t\t\t\t\t\t<\/div>\n\t\t\t\t<\/div>\n\t\t\t\t<\/div>\n\t\t\t\t\t<\/div>\n\t\t\t\t<\/div>\n\t\t\t\t<\/div>","protected":false},"excerpt":{"rendered":"<p>Interpreter Services for USCIS Cases Fast Document Translation Services Diaz Marin Translation Services can help you by providing accurate, certified<\/p>","protected":false},"author":1,"featured_media":0,"parent":0,"menu_order":0,"comment_status":"closed","ping_status":"closed","template":"","meta":{"footnotes":""},"class_list":["post-403","page","type-page","status-publish","hentry"],"_links":{"self":[{"href":"https:\/\/diazmarintranslations.com\/es\/wp-json\/wp\/v2\/pages\/403","targetHints":{"allow":["GET"]}}],"collection":[{"href":"https:\/\/diazmarintranslations.com\/es\/wp-json\/wp\/v2\/pages"}],"about":[{"href":"https:\/\/diazmarintranslations.com\/es\/wp-json\/wp\/v2\/types\/page"}],"author":[{"embeddable":true,"href":"https:\/\/diazmarintranslations.com\/es\/wp-json\/wp\/v2\/users\/1"}],"replies":[{"embeddable":true,"href":"https:\/\/diazmarintranslations.com\/es\/wp-json\/wp\/v2\/comments?post=403"}],"version-history":[{"count":76,"href":"https:\/\/diazmarintranslations.com\/es\/wp-json\/wp\/v2\/pages\/403\/revisions"}],"predecessor-version":[{"id":631,"href":"https:\/\/diazmarintranslations.com\/es\/wp-json\/wp\/v2\/pages\/403\/revisions\/631"}],"wp:attachment":[{"href":"https:\/\/diazmarintranslations.com\/es\/wp-json\/wp\/v2\/media?parent=403"}],"curies":[{"name":"wp","href":"https:\/\/api.w.org\/{rel}","templated":true}]}}