{"id":494,"date":"2025-06-18T13:45:34","date_gmt":"2025-06-18T13:45:34","guid":{"rendered":"https:\/\/diazmarintranslations.com\/?page_id=494"},"modified":"2025-10-27T17:08:41","modified_gmt":"2025-10-27T17:08:41","slug":"notary-services","status":"publish","type":"page","link":"https:\/\/diazmarintranslations.com\/es\/notary-services\/","title":{"rendered":"Servicios Notariales"},"content":{"rendered":"<div data-elementor-type=\"wp-page\" data-elementor-id=\"494\" class=\"elementor elementor-494\">\n\t\t\t\t<div class=\"wd-negative-gap elementor-element elementor-element-e08d26c wd-section-stretch entry-sec cover-overlay e-flex e-con-boxed e-con e-parent\" data-id=\"e08d26c\" data-element_type=\"container\" data-settings=\"{&quot;background_background&quot;:&quot;classic&quot;}\">\n\t\t\t\t\t<div class=\"e-con-inner\">\n\t\t<div class=\"elementor-element elementor-element-2f9e063 banner-container e-con-full e-flex e-con e-child\" data-id=\"2f9e063\" data-element_type=\"container\">\n\t\t\t\t<div class=\"elementor-element elementor-element-2638cbd vertical-border wd-width-100 elementor-widget elementor-widget-wd_title\" data-id=\"2638cbd\" data-element_type=\"widget\" data-widget_type=\"wd_title.default\">\n\t\t\t\t<div class=\"elementor-widget-container\">\n\t\t\t\t\t\t\t<div class=\"title-wrapper wd-set-mb reset-last-child wd-title-color-default wd-title-style-simple wd-title-size-default text-center\">\n\n\t\t\t\n\t\t\t<div class=\"liner-continer\">\n\t\t\t\t<h2 class=\"woodmart-title-container title wd-fontsize-l\">Servicios Notariales<\/h2> \n\t\t\t\t\t\t\t<\/div>\n\n\t\t\t\t\t<\/div>\n\t\t\t\t\t\t<\/div>\n\t\t\t\t<\/div>\n\t\t\t\t<\/div>\n\t\t\t\t\t<\/div>\n\t\t\t\t<\/div>\n\t\t<div class=\"wd-negative-gap elementor-element elementor-element-4cbcb13 service-tp-heading e-flex e-con-boxed e-con e-parent\" data-id=\"4cbcb13\" data-element_type=\"container\">\n\t\t\t\t\t<div class=\"e-con-inner\">\n\t\t\t\t<div class=\"elementor-element elementor-element-0038237 wd-width-100 elementor-widget elementor-widget-wd_title\" data-id=\"0038237\" data-element_type=\"widget\" data-widget_type=\"wd_title.default\">\n\t\t\t\t<div class=\"elementor-widget-container\">\n\t\t\t\t\t\t\t<div class=\"title-wrapper wd-set-mb reset-last-child wd-title-color-default wd-title-style-simple wd-title-size-default text-center\">\n\n\t\t\t\t\t\t\t\t\t\t\t<div class=\"title-subtitle subtitle-color-default subtitle-style-default wd-fontsize-xs\">\n\t\t\t\t\tServicios de Notar\u00eda de Confianza\t\t\t\t<\/div>\n\t\t\t\n\t\t\t<div class=\"liner-continer\">\n\t\t\t\t<h2 class=\"woodmart-title-container title wd-fontsize-l\">Ofrecemos servicios notariales profesionales para garantizar que sus documentos sean legalmente reconocidos y debidamente autenticados para uso oficial. Nuestra Notaria P\u00fablica certificada en Florida est\u00e1 disponible para ayudarle con confianza y atenci\u00f3n personalizada.<\/h2> \n\t\t\t\t\t\t\t<\/div>\n\n\t\t\t\t\t<\/div>\n\t\t\t\t\t\t<\/div>\n\t\t\t\t<\/div>\n\t\t\t\t\t<\/div>\n\t\t\t\t<\/div>\n\t\t<div class=\"wd-negative-gap elementor-element elementor-element-11db308 results e-flex e-con-boxed e-con e-parent\" data-id=\"11db308\" data-element_type=\"container\" data-settings=\"{&quot;background_background&quot;:&quot;classic&quot;}\">\n\t\t\t\t\t<div class=\"e-con-inner\">\n\t\t<div class=\"elementor-element elementor-element-3b3208f e-con-full e-flex e-con e-child\" data-id=\"3b3208f\" data-element_type=\"container\">\n\t\t\t\t<div class=\"elementor-element elementor-element-19684c6 wd-width-100 elementor-widget elementor-widget-wd_title\" data-id=\"19684c6\" data-element_type=\"widget\" data-widget_type=\"wd_title.default\">\n\t\t\t\t<div class=\"elementor-widget-container\">\n\t\t\t\t\t\t\t<div class=\"title-wrapper wd-set-mb reset-last-child wd-title-color-default wd-title-style-default wd-title-size-default text-left\">\n\n\t\t\t\n\t\t\t<div class=\"liner-continer\">\n\t\t\t\t<h1 class=\"woodmart-title-container title wd-fontsize-l\">Servicios Notariales \u2013 Documentos Legales Hechos Sencillos<\/h1> \n\t\t\t\t\t\t\t<\/div>\n\n\t\t\t\t\t<\/div>\n\t\t\t\t\t\t<\/div>\n\t\t\t\t<\/div>\n\t\t\t\t<div class=\"elementor-element elementor-element-ea2ae59 color-scheme-inherit text-left elementor-widget elementor-widget-text-editor\" data-id=\"ea2ae59\" data-element_type=\"widget\" data-widget_type=\"text-editor.default\">\n\t\t\t\t<div class=\"elementor-widget-container\">\n\t\t\t\t\t\t\t\t\t\u00bfNecesita notarizar sus documentos de forma r\u00e1pida y profesional?\nEn Diaz Marin Translation Services, ofrecemos servicios de notar\u00eda p\u00fablica para clientes en Miami y sus alrededores.\t\t\t\t\t\t\t\t<\/div>\n\t\t\t\t<\/div>\n\t\t\t\t<div class=\"elementor-element elementor-element-b933069 wd-width-100 elementor-widget elementor-widget-wd_title\" data-id=\"b933069\" data-element_type=\"widget\" data-widget_type=\"wd_title.default\">\n\t\t\t\t<div class=\"elementor-widget-container\">\n\t\t\t\t\t\t\t<div class=\"title-wrapper wd-set-mb reset-last-child wd-title-color-default wd-title-style-default wd-title-size-default text-left\">\n\n\t\t\t\n\t\t\t<div class=\"liner-continer\">\n\t\t\t\t<h4 class=\"woodmart-title-container title wd-fontsize-l\">Nuestros Servicios Notariales Incluyen:<\/h4> \n\t\t\t\t\t\t\t<\/div>\n\n\t\t\t\t\t<\/div>\n\t\t\t\t\t\t<\/div>\n\t\t\t\t<\/div>\n\t\t\t\t<div class=\"elementor-element elementor-element-d0e4650 cs-list color-scheme-inherit text-left elementor-widget elementor-widget-text-editor\" data-id=\"d0e4650\" data-element_type=\"widget\" data-widget_type=\"text-editor.default\">\n\t\t\t\t<div class=\"elementor-widget-container\">\n\t\t\t\t\t\t\t\t\t<ul><li>Declaraciones juradas y affid\u00e1vits<\/li><li>Poderes notariales<\/li><li>Formularios de consentimiento<\/li><li>Documentos de propiedad e inmobiliarios<\/li><li>Formularios relacionados con inmigraci\u00f3n<\/li><\/ul>\t\t\t\t\t\t\t\t<\/div>\n\t\t\t\t<\/div>\n\t\t\t\t<div class=\"elementor-element elementor-element-a27d319 color-scheme-inherit text-left elementor-widget elementor-widget-text-editor\" data-id=\"a27d319\" data-element_type=\"widget\" data-widget_type=\"text-editor.default\">\n\t\t\t\t<div class=\"elementor-widget-container\">\n\t\t\t\t\t\t\t\t\tOfrecemos servicios notariales biling\u00fces en ingl\u00e9s y espa\u00f1ol.\t\t\t\t\t\t\t\t<\/div>\n\t\t\t\t<\/div>\n\t\t\t\t<div class=\"elementor-element elementor-element-bc2cff9 color-scheme-inherit text-left elementor-widget elementor-widget-text-editor\" data-id=\"bc2cff9\" data-element_type=\"widget\" data-widget_type=\"text-editor.default\">\n\t\t\t\t<div class=\"elementor-widget-container\">\n\t\t\t\t\t\t\t\t\t<p class=\"translation-block\">Cont\u00e1ctenos hoy mismo para programar su notarizaci\u00f3n presencial o remota.<\/p>\t\t\t\t\t\t\t\t<\/div>\n\t\t\t\t<\/div>\n\t\t\t\t<\/div>\n\t\t<div class=\"elementor-element elementor-element-82fea93 e-con-full e-flex e-con e-child\" data-id=\"82fea93\" data-element_type=\"container\">\n\t\t\t\t<div class=\"elementor-element elementor-element-c0f61df elementor-widget elementor-widget-image\" data-id=\"c0f61df\" data-element_type=\"widget\" data-widget_type=\"image.default\">\n\t\t\t\t<div class=\"elementor-widget-container\">\n\t\t\t\t\t\t\t\t\t\t\t\t\t\t\t<img fetchpriority=\"high\" decoding=\"async\" width=\"650\" height=\"614\" src=\"https:\/\/diazmarintranslations.com\/wp-content\/uploads\/2025\/06\/online-notary-florida.jpg\" class=\"attachment-large size-large wp-image-513\" alt=\"\" srcset=\"https:\/\/diazmarintranslations.com\/wp-content\/uploads\/2025\/06\/online-notary-florida.jpg 650w, https:\/\/diazmarintranslations.com\/wp-content\/uploads\/2025\/06\/online-notary-florida-300x283.jpg 300w\" sizes=\"(max-width: 650px) 100vw, 650px\" \/>\t\t\t\t\t\t\t\t\t\t\t\t\t\t\t<\/div>\n\t\t\t\t<\/div>\n\t\t\t\t<\/div>\n\t\t\t\t\t<\/div>\n\t\t\t\t<\/div>\n\t\t\t\t<\/div>","protected":false},"excerpt":{"rendered":"<p>Notary Services Trusted Notary Public Services We offer professional notary services to ensure your documents are legally recognized and properly<\/p>","protected":false},"author":1,"featured_media":0,"parent":0,"menu_order":0,"comment_status":"closed","ping_status":"closed","template":"","meta":{"footnotes":""},"class_list":["post-494","page","type-page","status-publish","hentry"],"_links":{"self":[{"href":"https:\/\/diazmarintranslations.com\/es\/wp-json\/wp\/v2\/pages\/494","targetHints":{"allow":["GET"]}}],"collection":[{"href":"https:\/\/diazmarintranslations.com\/es\/wp-json\/wp\/v2\/pages"}],"about":[{"href":"https:\/\/diazmarintranslations.com\/es\/wp-json\/wp\/v2\/types\/page"}],"author":[{"embeddable":true,"href":"https:\/\/diazmarintranslations.com\/es\/wp-json\/wp\/v2\/users\/1"}],"replies":[{"embeddable":true,"href":"https:\/\/diazmarintranslations.com\/es\/wp-json\/wp\/v2\/comments?post=494"}],"version-history":[{"count":28,"href":"https:\/\/diazmarintranslations.com\/es\/wp-json\/wp\/v2\/pages\/494\/revisions"}],"predecessor-version":[{"id":646,"href":"https:\/\/diazmarintranslations.com\/es\/wp-json\/wp\/v2\/pages\/494\/revisions\/646"}],"wp:attachment":[{"href":"https:\/\/diazmarintranslations.com\/es\/wp-json\/wp\/v2\/media?parent=494"}],"curies":[{"name":"wp","href":"https:\/\/api.w.org\/{rel}","templated":true}]}}