{"id":520,"date":"2025-06-18T14:01:47","date_gmt":"2025-06-18T14:01:47","guid":{"rendered":"https:\/\/diazmarintranslations.com\/?page_id=520"},"modified":"2025-06-18T14:40:25","modified_gmt":"2025-06-18T14:40:25","slug":"interpreter-services","status":"publish","type":"page","link":"https:\/\/diazmarintranslations.com\/es\/interpreter-services\/","title":{"rendered":"Servicios de Interpretaci\u00f3n"},"content":{"rendered":"<div data-elementor-type=\"wp-page\" data-elementor-id=\"520\" class=\"elementor elementor-520\">\n\t\t\t\t<div class=\"wd-negative-gap elementor-element elementor-element-b1fe5a7 wd-section-stretch entry-sec cover-overlay e-flex e-con-boxed e-con e-parent\" data-id=\"b1fe5a7\" data-element_type=\"container\" data-settings=\"{&quot;background_background&quot;:&quot;classic&quot;}\">\n\t\t\t\t\t<div class=\"e-con-inner\">\n\t\t<div class=\"elementor-element elementor-element-cb84df8 banner-container e-con-full e-flex e-con e-child\" data-id=\"cb84df8\" data-element_type=\"container\">\n\t\t\t\t<div class=\"elementor-element elementor-element-f08bb51 vertical-border wd-width-100 elementor-widget elementor-widget-wd_title\" data-id=\"f08bb51\" data-element_type=\"widget\" data-widget_type=\"wd_title.default\">\n\t\t\t\t<div class=\"elementor-widget-container\">\n\t\t\t\t\t\t\t<div class=\"title-wrapper wd-set-mb reset-last-child wd-title-color-default wd-title-style-simple wd-title-size-default text-center\">\n\n\t\t\t\n\t\t\t<div class=\"liner-continer\">\n\t\t\t\t<h2 class=\"woodmart-title-container title wd-fontsize-l\">Servicios de Interpretaci\u00f3n<\/h2> \n\t\t\t\t\t\t\t<\/div>\n\n\t\t\t\t\t<\/div>\n\t\t\t\t\t\t<\/div>\n\t\t\t\t<\/div>\n\t\t\t\t<\/div>\n\t\t\t\t\t<\/div>\n\t\t\t\t<\/div>\n\t\t<div class=\"wd-negative-gap elementor-element elementor-element-6e27c91 service-tp-heading e-flex e-con-boxed e-con e-parent\" data-id=\"6e27c91\" data-element_type=\"container\">\n\t\t\t\t\t<div class=\"e-con-inner\">\n\t\t\t\t<div class=\"elementor-element elementor-element-4a30766 wd-width-100 elementor-widget elementor-widget-wd_title\" data-id=\"4a30766\" data-element_type=\"widget\" data-widget_type=\"wd_title.default\">\n\t\t\t\t<div class=\"elementor-widget-container\">\n\t\t\t\t\t\t\t<div class=\"title-wrapper wd-set-mb reset-last-child wd-title-color-default wd-title-style-simple wd-title-size-default text-center\">\n\n\t\t\t\t\t\t\t\t\t\t\t<div class=\"title-subtitle subtitle-color-default subtitle-style-default wd-fontsize-xs\">\n\t\t\t\t\tServicios Profesionales de Interpretaci\u00f3n en los que Puede Confiar\t\t\t\t<\/div>\n\t\t\t\n\t\t\t<div class=\"liner-continer\">\n\t\t\t\t<h2 class=\"woodmart-title-container title wd-fontsize-l\">Ofrecemos servicios de interpretaci\u00f3n precisos y confidenciales en ingl\u00e9s, espa\u00f1ol, portugu\u00e9s y franc\u00e9s para entrevistas migratorias, audiencias judiciales, citas m\u00e9dicas y mucho m\u00e1s. <\/h2> \n\t\t\t\t\t\t\t<\/div>\n\n\t\t\t\t\t<\/div>\n\t\t\t\t\t\t<\/div>\n\t\t\t\t<\/div>\n\t\t\t\t\t<\/div>\n\t\t\t\t<\/div>\n\t\t<div class=\"wd-negative-gap elementor-element elementor-element-d0c309e results e-flex e-con-boxed e-con e-parent\" data-id=\"d0c309e\" data-element_type=\"container\" data-settings=\"{&quot;background_background&quot;:&quot;classic&quot;}\">\n\t\t\t\t\t<div class=\"e-con-inner\">\n\t\t<div class=\"elementor-element elementor-element-acdd7c2 e-con-full e-flex e-con e-child\" data-id=\"acdd7c2\" data-element_type=\"container\">\n\t\t\t\t<div class=\"elementor-element elementor-element-fbbb190 wd-width-100 elementor-widget elementor-widget-wd_title\" data-id=\"fbbb190\" data-element_type=\"widget\" data-widget_type=\"wd_title.default\">\n\t\t\t\t<div class=\"elementor-widget-container\">\n\t\t\t\t\t\t\t<div class=\"title-wrapper wd-set-mb reset-last-child wd-title-color-default wd-title-style-default wd-title-size-default text-left\">\n\n\t\t\t\n\t\t\t<div class=\"liner-continer\">\n\t\t\t\t<h1 class=\"woodmart-title-container title wd-fontsize-l\">Servicios Profesionales de Interpretaci\u00f3n \u2013 Comunicaci\u00f3n Clara en Todo Momento<\/h1> \n\t\t\t\t\t\t\t<\/div>\n\n\t\t\t\t\t<\/div>\n\t\t\t\t\t\t<\/div>\n\t\t\t\t<\/div>\n\t\t\t\t<div class=\"elementor-element elementor-element-365748c color-scheme-inherit text-left elementor-widget elementor-widget-text-editor\" data-id=\"365748c\" data-element_type=\"widget\" data-widget_type=\"text-editor.default\">\n\t\t\t\t<div class=\"elementor-widget-container\">\n\t\t\t\t\t\t\t\t\t<p>Diaz Marin Translation Services ofrece servicios de interpretaci\u00f3n confiables y con experiencia en ingl\u00e9s, espa\u00f1ol, portugu\u00e9s y franc\u00e9s.\nNos especializamos en entrevistas migratorias, audiencias legales y reuniones profesionales, brindando interpretaci\u00f3n presencial y remota.<\/p>\t\t\t\t\t\t\t\t<\/div>\n\t\t\t\t<\/div>\n\t\t\t\t<div class=\"elementor-element elementor-element-48c4c70 wd-width-100 elementor-widget elementor-widget-wd_title\" data-id=\"48c4c70\" data-element_type=\"widget\" data-widget_type=\"wd_title.default\">\n\t\t\t\t<div class=\"elementor-widget-container\">\n\t\t\t\t\t\t\t<div class=\"title-wrapper wd-set-mb reset-last-child wd-title-color-default wd-title-style-default wd-title-size-default text-left\">\n\n\t\t\t\n\t\t\t<div class=\"liner-continer\">\n\t\t\t\t<h4 class=\"woodmart-title-container title wd-fontsize-l\">Nuestros Servicios de Interpretaci\u00f3n:<\/h4> \n\t\t\t\t\t\t\t<\/div>\n\n\t\t\t\t\t<\/div>\n\t\t\t\t\t\t<\/div>\n\t\t\t\t<\/div>\n\t\t\t\t<div class=\"elementor-element elementor-element-17323ad cs-list color-scheme-inherit text-left elementor-widget elementor-widget-text-editor\" data-id=\"17323ad\" data-element_type=\"widget\" data-widget_type=\"text-editor.default\">\n\t\t\t\t<div class=\"elementor-widget-container\">\n\t\t\t\t\t\t\t\t\t<ul><li>Entrevistas de USCIS (asilo, residencia, matrimonio)<\/li><li>Audiencias judiciales (derecho de familia, asuntos civiles)<\/li><li>Consultas m\u00e9dicas y legales<\/li><li>Reuniones y conferencias empresariales<\/li><\/ul>\t\t\t\t\t\t\t\t<\/div>\n\t\t\t\t<\/div>\n\t\t\t\t<div class=\"elementor-element elementor-element-29c326e color-scheme-inherit text-left elementor-widget elementor-widget-text-editor\" data-id=\"29c326e\" data-element_type=\"widget\" data-widget_type=\"text-editor.default\">\n\t\t\t\t<div class=\"elementor-widget-container\">\n\t\t\t\t\t\t\t\t\t<p>Ofrecemos interpretaci\u00f3n consecutiva y simult\u00e1nea para garantizar claridad, precisi\u00f3n y confianza en cada interacci\u00f3n.<\/p>\t\t\t\t\t\t\t\t<\/div>\n\t\t\t\t<\/div>\n\t\t\t\t<div class=\"elementor-element elementor-element-084b8a6 color-scheme-inherit text-left elementor-widget elementor-widget-text-editor\" data-id=\"084b8a6\" data-element_type=\"widget\" data-widget_type=\"text-editor.default\">\n\t\t\t\t<div class=\"elementor-widget-container\">\n\t\t\t\t\t\t\t\t\t<p class=\"translation-block\">Reserve hoy mismo su int\u00e9rprete profesional y comun\u00edquese con seguridad y tranquilidad.<\/p>\t\t\t\t\t\t\t\t<\/div>\n\t\t\t\t<\/div>\n\t\t\t\t<\/div>\n\t\t<div class=\"elementor-element elementor-element-bb09a13 e-con-full e-flex e-con e-child\" data-id=\"bb09a13\" data-element_type=\"container\">\n\t\t\t\t<div class=\"elementor-element elementor-element-132f674 elementor-widget elementor-widget-image\" data-id=\"132f674\" data-element_type=\"widget\" data-widget_type=\"image.default\">\n\t\t\t\t<div class=\"elementor-widget-container\">\n\t\t\t\t\t\t\t\t\t\t\t\t\t\t\t<img fetchpriority=\"high\" decoding=\"async\" width=\"650\" height=\"614\" src=\"https:\/\/diazmarintranslations.com\/wp-content\/uploads\/2025\/06\/interpretation-service.jpg\" class=\"attachment-large size-large wp-image-525\" alt=\"\" srcset=\"https:\/\/diazmarintranslations.com\/wp-content\/uploads\/2025\/06\/interpretation-service.jpg 650w, https:\/\/diazmarintranslations.com\/wp-content\/uploads\/2025\/06\/interpretation-service-300x283.jpg 300w\" sizes=\"(max-width: 650px) 100vw, 650px\" \/>\t\t\t\t\t\t\t\t\t\t\t\t\t\t\t<\/div>\n\t\t\t\t<\/div>\n\t\t\t\t<\/div>\n\t\t\t\t\t<\/div>\n\t\t\t\t<\/div>\n\t\t\t\t<\/div>","protected":false},"excerpt":{"rendered":"<p>Interpreter Services Professional Interpreter Services You Can Rely On We provide accurate and confidential interpretation services in English, Spanish, Portuguese,<\/p>","protected":false},"author":1,"featured_media":0,"parent":0,"menu_order":0,"comment_status":"closed","ping_status":"closed","template":"","meta":{"footnotes":""},"class_list":["post-520","page","type-page","status-publish","hentry"],"_links":{"self":[{"href":"https:\/\/diazmarintranslations.com\/es\/wp-json\/wp\/v2\/pages\/520","targetHints":{"allow":["GET"]}}],"collection":[{"href":"https:\/\/diazmarintranslations.com\/es\/wp-json\/wp\/v2\/pages"}],"about":[{"href":"https:\/\/diazmarintranslations.com\/es\/wp-json\/wp\/v2\/types\/page"}],"author":[{"embeddable":true,"href":"https:\/\/diazmarintranslations.com\/es\/wp-json\/wp\/v2\/users\/1"}],"replies":[{"embeddable":true,"href":"https:\/\/diazmarintranslations.com\/es\/wp-json\/wp\/v2\/comments?post=520"}],"version-history":[{"count":13,"href":"https:\/\/diazmarintranslations.com\/es\/wp-json\/wp\/v2\/pages\/520\/revisions"}],"predecessor-version":[{"id":539,"href":"https:\/\/diazmarintranslations.com\/es\/wp-json\/wp\/v2\/pages\/520\/revisions\/539"}],"wp:attachment":[{"href":"https:\/\/diazmarintranslations.com\/es\/wp-json\/wp\/v2\/media?parent=520"}],"curies":[{"name":"wp","href":"https:\/\/api.w.org\/{rel}","templated":true}]}}